{"id":47,"date":"2017-06-16T14:24:33","date_gmt":"2017-06-16T12:24:33","guid":{"rendered":"https:\/\/erzaehldavon.de\/podcast\/?page_id=47"},"modified":"2019-03-19T20:30:36","modified_gmt":"2019-03-19T19:30:36","slug":"kontakt","status":"publish","type":"page","link":"https:\/\/erzaehldavon.de\/podcast\/kontakt\/","title":{"rendered":"Kontakt"},"content":{"rendered":"<p>Meldet euch gern bei uns f\u00fcr Feedback oder um als Interviewgast dabei zu sein!<\/p>\n<p><a href=\"https:\/\/erzaehldavon.de\/vorbereitung-fuer-gaeste-im-erzaehl-davon-podcast\/\">Hier gibt es Infos und ein Formular f\u00fcr euren Themenvorschlag.<\/a><\/p>\n<p>Feedback &amp; Co k\u00f6nnt ihr uns gerne via Social Media hinterlassen, z.B. bei Instagram. Wir freuen uns, wenn ihr den Podcast abonniert und in eurer App oder bei iTunes bewertet.<\/p>\n","protected":false},"excerpt":{"rendered":"<p>Meldet euch gern bei uns f\u00fcr Feedback oder um als Interviewgast dabei zu sein! Hier gibt es Infos und ein Formular f\u00fcr euren Themenvorschlag. Feedback &amp; Co k\u00f6nnt ihr uns gerne via Social Media hinterlassen, z.B. bei Instagram. Wir freuen uns, wenn ihr den Podcast abonniert und in eurer App oder bei iTunes bewertet.<\/p>\n","protected":false},"author":1,"featured_media":0,"parent":0,"menu_order":0,"comment_status":"closed","ping_status":"closed","template":"","meta":{"footnotes":""},"yoast_head":"<!-- This site is optimized with the Yoast SEO plugin v22.4 - https:\/\/yoast.com\/wordpress\/plugins\/seo\/ -->\n<title>Kontakt - erz\u00e4hl davon - der Podcast<\/title>\n<meta name=\"robots\" content=\"index, follow, max-snippet:-1, max-image-preview:large, max-video-preview:-1\" \/>\n<link rel=\"canonical\" href=\"https:\/\/erzaehldavon.de\/podcast\/kontakt\/\" \/>\n<meta property=\"og:locale\" content=\"de_DE\" \/>\n<meta property=\"og:type\" content=\"article\" \/>\n<meta property=\"og:title\" content=\"Kontakt - erz\u00e4hl davon - der Podcast\" \/>\n<meta property=\"og:description\" content=\"Meldet euch gern bei uns f\u00fcr Feedback oder um als Interviewgast dabei zu sein! Hier gibt es Infos und ein Formular f\u00fcr euren Themenvorschlag. Feedback &amp; Co k\u00f6nnt ihr uns gerne via Social Media hinterlassen, z.B. bei Instagram. Wir freuen uns, wenn ihr den Podcast abonniert und in eurer App oder bei iTunes bewertet.\" \/>\n<meta property=\"og:url\" content=\"https:\/\/erzaehldavon.de\/podcast\/kontakt\/\" \/>\n<meta property=\"og:site_name\" content=\"erz\u00e4hl davon - der Podcast\" \/>\n<meta property=\"article:modified_time\" content=\"2019-03-19T19:30:36+00:00\" \/>\n<meta property=\"og:image\" content=\"https:\/\/erzaehldavon.de\/podcast\/wordpress\/wp-content\/uploads\/2017\/06\/Podcast_Erzaehldavon.png\" \/>\n\t<meta property=\"og:image:width\" content=\"1500\" \/>\n\t<meta property=\"og:image:height\" content=\"1500\" \/>\n\t<meta property=\"og:image:type\" content=\"image\/png\" \/>\n<meta name=\"twitter:card\" content=\"summary_large_image\" \/>\n<meta name=\"twitter:site\" content=\"@erzaehldavon\" \/>\n<script type=\"application\/ld+json\" class=\"yoast-schema-graph\">{\"@context\":\"https:\/\/schema.org\",\"@graph\":[{\"@type\":\"WebPage\",\"@id\":\"https:\/\/erzaehldavon.de\/podcast\/kontakt\/\",\"url\":\"https:\/\/erzaehldavon.de\/podcast\/kontakt\/\",\"name\":\"Kontakt - erz\u00e4hl davon - der Podcast\",\"isPartOf\":{\"@id\":\"https:\/\/erzaehldavon.de\/podcast\/#website\"},\"datePublished\":\"2017-06-16T12:24:33+00:00\",\"dateModified\":\"2019-03-19T19:30:36+00:00\",\"breadcrumb\":{\"@id\":\"https:\/\/erzaehldavon.de\/podcast\/kontakt\/#breadcrumb\"},\"inLanguage\":\"de\",\"potentialAction\":[{\"@type\":\"ReadAction\",\"target\":[\"https:\/\/erzaehldavon.de\/podcast\/kontakt\/\"]}]},{\"@type\":\"BreadcrumbList\",\"@id\":\"https:\/\/erzaehldavon.de\/podcast\/kontakt\/#breadcrumb\",\"itemListElement\":[{\"@type\":\"ListItem\",\"position\":1,\"name\":\"Startseite\",\"item\":\"https:\/\/erzaehldavon.de\/podcast\/\"},{\"@type\":\"ListItem\",\"position\":2,\"name\":\"Kontakt\"}]},{\"@type\":\"WebSite\",\"@id\":\"https:\/\/erzaehldavon.de\/podcast\/#website\",\"url\":\"https:\/\/erzaehldavon.de\/podcast\/\",\"name\":\"erz\u00e4hl davon - der Podcast\",\"description\":\"Der Podcast f\u00fcr gute Kommunikation im Ehrenamt\",\"publisher\":{\"@id\":\"https:\/\/erzaehldavon.de\/podcast\/#organization\"},\"potentialAction\":[{\"@type\":\"SearchAction\",\"target\":{\"@type\":\"EntryPoint\",\"urlTemplate\":\"https:\/\/erzaehldavon.de\/podcast\/?s={search_term_string}\"},\"query-input\":\"required name=search_term_string\"}],\"inLanguage\":\"de\"},{\"@type\":\"Organization\",\"@id\":\"https:\/\/erzaehldavon.de\/podcast\/#organization\",\"name\":\"erz\u00e4hl davon - der Podcast\",\"url\":\"https:\/\/erzaehldavon.de\/podcast\/\",\"logo\":{\"@type\":\"ImageObject\",\"inLanguage\":\"de\",\"@id\":\"https:\/\/erzaehldavon.de\/podcast\/#\/schema\/logo\/image\/\",\"url\":\"https:\/\/erzaehldavon.de\/podcast\/wordpress\/wp-content\/uploads\/2017\/06\/cropped-erzaehldavonpodcastheader-1.png\",\"contentUrl\":\"https:\/\/erzaehldavon.de\/podcast\/wordpress\/wp-content\/uploads\/2017\/06\/cropped-erzaehldavonpodcastheader-1.png\",\"width\":750,\"height\":200,\"caption\":\"erz\u00e4hl davon - der Podcast\"},\"image\":{\"@id\":\"https:\/\/erzaehldavon.de\/podcast\/#\/schema\/logo\/image\/\"},\"sameAs\":[\"https:\/\/twitter.com\/erzaehldavon\",\"https:\/\/www.instagram.com\/erzaehldavon\/\",\"https:\/\/www.youtube.com\/channel\/UCT2WPSuqfdhukxTzzqKSiPQ\"]}]}<\/script>\n<!-- \/ Yoast SEO plugin. -->","yoast_head_json":{"title":"Kontakt - erz\u00e4hl davon - der Podcast","robots":{"index":"index","follow":"follow","max-snippet":"max-snippet:-1","max-image-preview":"max-image-preview:large","max-video-preview":"max-video-preview:-1"},"canonical":"https:\/\/erzaehldavon.de\/podcast\/kontakt\/","og_locale":"de_DE","og_type":"article","og_title":"Kontakt - erz\u00e4hl davon - der Podcast","og_description":"Meldet euch gern bei uns f\u00fcr Feedback oder um als Interviewgast dabei zu sein! Hier gibt es Infos und ein Formular f\u00fcr euren Themenvorschlag. Feedback &amp; Co k\u00f6nnt ihr uns gerne via Social Media hinterlassen, z.B. bei Instagram. Wir freuen uns, wenn ihr den Podcast abonniert und in eurer App oder bei iTunes bewertet.","og_url":"https:\/\/erzaehldavon.de\/podcast\/kontakt\/","og_site_name":"erz\u00e4hl davon - der Podcast","article_modified_time":"2019-03-19T19:30:36+00:00","og_image":[{"width":1500,"height":1500,"url":"https:\/\/erzaehldavon.de\/podcast\/wordpress\/wp-content\/uploads\/2017\/06\/Podcast_Erzaehldavon.png","type":"image\/png"}],"twitter_card":"summary_large_image","twitter_site":"@erzaehldavon","schema":{"@context":"https:\/\/schema.org","@graph":[{"@type":"WebPage","@id":"https:\/\/erzaehldavon.de\/podcast\/kontakt\/","url":"https:\/\/erzaehldavon.de\/podcast\/kontakt\/","name":"Kontakt - erz\u00e4hl davon - der Podcast","isPartOf":{"@id":"https:\/\/erzaehldavon.de\/podcast\/#website"},"datePublished":"2017-06-16T12:24:33+00:00","dateModified":"2019-03-19T19:30:36+00:00","breadcrumb":{"@id":"https:\/\/erzaehldavon.de\/podcast\/kontakt\/#breadcrumb"},"inLanguage":"de","potentialAction":[{"@type":"ReadAction","target":["https:\/\/erzaehldavon.de\/podcast\/kontakt\/"]}]},{"@type":"BreadcrumbList","@id":"https:\/\/erzaehldavon.de\/podcast\/kontakt\/#breadcrumb","itemListElement":[{"@type":"ListItem","position":1,"name":"Startseite","item":"https:\/\/erzaehldavon.de\/podcast\/"},{"@type":"ListItem","position":2,"name":"Kontakt"}]},{"@type":"WebSite","@id":"https:\/\/erzaehldavon.de\/podcast\/#website","url":"https:\/\/erzaehldavon.de\/podcast\/","name":"erz\u00e4hl davon - der Podcast","description":"Der Podcast f\u00fcr gute Kommunikation im Ehrenamt","publisher":{"@id":"https:\/\/erzaehldavon.de\/podcast\/#organization"},"potentialAction":[{"@type":"SearchAction","target":{"@type":"EntryPoint","urlTemplate":"https:\/\/erzaehldavon.de\/podcast\/?s={search_term_string}"},"query-input":"required name=search_term_string"}],"inLanguage":"de"},{"@type":"Organization","@id":"https:\/\/erzaehldavon.de\/podcast\/#organization","name":"erz\u00e4hl davon - der Podcast","url":"https:\/\/erzaehldavon.de\/podcast\/","logo":{"@type":"ImageObject","inLanguage":"de","@id":"https:\/\/erzaehldavon.de\/podcast\/#\/schema\/logo\/image\/","url":"https:\/\/erzaehldavon.de\/podcast\/wordpress\/wp-content\/uploads\/2017\/06\/cropped-erzaehldavonpodcastheader-1.png","contentUrl":"https:\/\/erzaehldavon.de\/podcast\/wordpress\/wp-content\/uploads\/2017\/06\/cropped-erzaehldavonpodcastheader-1.png","width":750,"height":200,"caption":"erz\u00e4hl davon - der Podcast"},"image":{"@id":"https:\/\/erzaehldavon.de\/podcast\/#\/schema\/logo\/image\/"},"sameAs":["https:\/\/twitter.com\/erzaehldavon","https:\/\/www.instagram.com\/erzaehldavon\/","https:\/\/www.youtube.com\/channel\/UCT2WPSuqfdhukxTzzqKSiPQ"]}]}},"_links":{"self":[{"href":"https:\/\/erzaehldavon.de\/podcast\/wp-json\/wp\/v2\/pages\/47"}],"collection":[{"href":"https:\/\/erzaehldavon.de\/podcast\/wp-json\/wp\/v2\/pages"}],"about":[{"href":"https:\/\/erzaehldavon.de\/podcast\/wp-json\/wp\/v2\/types\/page"}],"author":[{"embeddable":true,"href":"https:\/\/erzaehldavon.de\/podcast\/wp-json\/wp\/v2\/users\/1"}],"replies":[{"embeddable":true,"href":"https:\/\/erzaehldavon.de\/podcast\/wp-json\/wp\/v2\/comments?post=47"}],"version-history":[{"count":6,"href":"https:\/\/erzaehldavon.de\/podcast\/wp-json\/wp\/v2\/pages\/47\/revisions"}],"predecessor-version":[{"id":934,"href":"https:\/\/erzaehldavon.de\/podcast\/wp-json\/wp\/v2\/pages\/47\/revisions\/934"}],"wp:attachment":[{"href":"https:\/\/erzaehldavon.de\/podcast\/wp-json\/wp\/v2\/media?parent=47"}],"curies":[{"name":"wp","href":"https:\/\/api.w.org\/{rel}","templated":true}]}}